{"id":738,"date":"2025-03-26T19:41:44","date_gmt":"2025-03-26T19:41:44","guid":{"rendered":"https:\/\/vacges.cl\/?post_type=product&#038;p=738"},"modified":"2025-04-07T15:26:28","modified_gmt":"2025-04-07T15:26:28","slug":"alga-huiro-negro-semiseco","status":"publish","type":"product","link":"https:\/\/vacges.cl\/en\/product\/alga-huiro-negro-semiseco\/","title":{"rendered":"Algae - Black Huiro"},"content":{"rendered":"<p><span style=\"font-weight: 400;\"><strong>Common Name<\/strong>: Black Huiro<\/span><\/p>\n<p><span style=\"font-weight: 400;\"><strong>Scientific Name<\/strong>: Lessonia Nigrescens<\/span><\/p>\n<p><strong>Presentations<\/strong>Dry<\/p>\n<p><strong>Packing:<\/strong> Entero y Picado \u2192 Fardo Prensado<\/p>\n<p><strong>Capture zone<\/strong>: Chiloe Island and surrounding areas<\/p>\n<p><strong>Dispatch<\/strong>: Maritime FCL Dry 40 feet<\/p>\n<p><strong>Extraction Season<\/strong>: Round year<\/p>","protected":false},"excerpt":{"rendered":"<p>Nombre Com\u00fan: Huiro Negro Nombre Cient\u00edfico: Lessonia Nigrescens Presentaciones: Seco Empaque: Entero y Picado \u2192 Fardo Prensado Zona de captura: Isla de Chiloe y alrededores Despacho: Mar\u00edtimo FCL Seco 40 pies Temporada Extracci\u00f3n: A\u00f1o redondo<\/p>","protected":false},"featured_media":944,"comment_status":"open","ping_status":"closed","template":"","meta":{"_joinchat":[]},"product_brand":[],"product_cat":[22],"product_tag":[],"class_list":{"0":"post-738","1":"product","2":"type-product","3":"status-publish","4":"has-post-thumbnail","6":"product_cat-productos-del-mar","8":"first","9":"instock","10":"shipping-taxable","11":"product-type-simple"},"_links":{"self":[{"href":"https:\/\/vacges.cl\/en\/wp-json\/wp\/v2\/product\/738","targetHints":{"allow":["GET"]}}],"collection":[{"href":"https:\/\/vacges.cl\/en\/wp-json\/wp\/v2\/product"}],"about":[{"href":"https:\/\/vacges.cl\/en\/wp-json\/wp\/v2\/types\/product"}],"replies":[{"embeddable":true,"href":"https:\/\/vacges.cl\/en\/wp-json\/wp\/v2\/comments?post=738"}],"wp:featuredmedia":[{"embeddable":true,"href":"https:\/\/vacges.cl\/en\/wp-json\/wp\/v2\/media\/944"}],"wp:attachment":[{"href":"https:\/\/vacges.cl\/en\/wp-json\/wp\/v2\/media?parent=738"}],"wp:term":[{"taxonomy":"product_brand","embeddable":true,"href":"https:\/\/vacges.cl\/en\/wp-json\/wp\/v2\/product_brand?post=738"},{"taxonomy":"product_cat","embeddable":true,"href":"https:\/\/vacges.cl\/en\/wp-json\/wp\/v2\/product_cat?post=738"},{"taxonomy":"product_tag","embeddable":true,"href":"https:\/\/vacges.cl\/en\/wp-json\/wp\/v2\/product_tag?post=738"}],"curies":[{"name":"wp","href":"https:\/\/api.w.org\/{rel}","templated":true}]}}