{"id":737,"date":"2025-03-26T19:41:18","date_gmt":"2025-03-26T19:41:18","guid":{"rendered":"https:\/\/vacges.cl\/?post_type=product&#038;p=737"},"modified":"2025-04-07T15:39:18","modified_gmt":"2025-04-07T15:39:18","slug":"alga-pelillo-entero-semiseco","status":"publish","type":"product","link":"https:\/\/vacges.cl\/en\/product\/alga-pelillo-entero-semiseco\/","title":{"rendered":"Algae - Pelillo"},"content":{"rendered":"<p><strong>Common Name<\/strong>: Pelillo<\/p>\n<p><strong>Scientific Name<\/strong>: <span style=\"font-weight: 400;\">Agarophyton Chilense<\/span><\/p>\n<p><strong>Presentations<\/strong>: Whole dry \u2192 Pressed bale<\/p>\n<p><strong>Capture zone<\/strong>: Chilo\u00e9 Island and surrounding areas<\/p>\n<p><strong>Dispatch<\/strong>: Maritime FCL Dry 40 feet<\/p>\n<p><strong>Extraction Season<\/strong>: Round year<\/p>","protected":false},"excerpt":{"rendered":"<p>Nombre Com\u00fan: Pelillo Nombre Cient\u00edfico: Agarophyton Chilense Presentaciones: Entero seco \u2192 Fardo prensado Zona de captura: Isla de Chilo\u00e9 y alrededores Despacho: Mar\u00edtimo FCL Seco 40 pies Temporada Extracci\u00f3n: A\u00f1o redondo<\/p>","protected":false},"featured_media":939,"comment_status":"open","ping_status":"closed","template":"","meta":{"_joinchat":[]},"product_brand":[],"product_cat":[22],"product_tag":[],"class_list":{"0":"post-737","1":"product","2":"type-product","3":"status-publish","4":"has-post-thumbnail","6":"product_cat-productos-del-mar","8":"first","9":"instock","10":"shipping-taxable","11":"product-type-simple"},"_links":{"self":[{"href":"https:\/\/vacges.cl\/en\/wp-json\/wp\/v2\/product\/737","targetHints":{"allow":["GET"]}}],"collection":[{"href":"https:\/\/vacges.cl\/en\/wp-json\/wp\/v2\/product"}],"about":[{"href":"https:\/\/vacges.cl\/en\/wp-json\/wp\/v2\/types\/product"}],"replies":[{"embeddable":true,"href":"https:\/\/vacges.cl\/en\/wp-json\/wp\/v2\/comments?post=737"}],"wp:featuredmedia":[{"embeddable":true,"href":"https:\/\/vacges.cl\/en\/wp-json\/wp\/v2\/media\/939"}],"wp:attachment":[{"href":"https:\/\/vacges.cl\/en\/wp-json\/wp\/v2\/media?parent=737"}],"wp:term":[{"taxonomy":"product_brand","embeddable":true,"href":"https:\/\/vacges.cl\/en\/wp-json\/wp\/v2\/product_brand?post=737"},{"taxonomy":"product_cat","embeddable":true,"href":"https:\/\/vacges.cl\/en\/wp-json\/wp\/v2\/product_cat?post=737"},{"taxonomy":"product_tag","embeddable":true,"href":"https:\/\/vacges.cl\/en\/wp-json\/wp\/v2\/product_tag?post=737"}],"curies":[{"name":"wp","href":"https:\/\/api.w.org\/{rel}","templated":true}]}}