{"id":736,"date":"2025-03-26T19:40:24","date_gmt":"2025-03-26T19:40:24","guid":{"rendered":"https:\/\/vacges.cl\/?post_type=product&#038;p=736"},"modified":"2025-04-07T14:19:07","modified_gmt":"2025-04-07T14:19:07","slug":"alga-cochayuyo-entero-semiseco","status":"publish","type":"product","link":"https:\/\/vacges.cl\/en\/product\/alga-cochayuyo-entero-semiseco\/","title":{"rendered":"Algae - Cochayuyo"},"content":{"rendered":"<p><span style=\"font-weight: 400;\"><strong>Common Name<\/strong>: Cochayuyo<\/span><\/p>\n<p><span style=\"font-weight: 400;\"><strong>Scientific Name<\/strong>: Durvillaea Antarctica<\/span><\/p>\n<p><strong>Presentations<\/strong>: Whole dry \u2192 Bale \/ Chopped dry \u2192 Sack \/ Dry tube \u2192 Boxes<\/p>\n<p><strong>Capture zone<\/strong>: Chilo\u00e9 Island and surrounding areas<\/p>\n<p><strong>Dispatch<\/strong>: Maritime FCL Dry 40 feet<\/p>\n<p><strong>Extraction Season<\/strong>: Round year<\/p>","protected":false},"excerpt":{"rendered":"<p>Nombre Com\u00fan: Cochayuyo Nombre Cient\u00edfico: Durvillaea Antarctica Presentaciones: Entero seco \u2192 Fardo \/ Picado seco\u00a0 \u2192 Saco \/ Tubo seco \u2192 Cajas Zona de captura: Isla de Chilo\u00e9 y alrededores Despacho: Mar\u00edtimo FCL Seco 40 pies Temporada Extracci\u00f3n: A\u00f1o redondo<\/p>","protected":false},"featured_media":928,"comment_status":"open","ping_status":"closed","template":"","meta":{"_joinchat":[]},"product_brand":[],"product_cat":[22],"product_tag":[],"class_list":{"0":"post-736","1":"product","2":"type-product","3":"status-publish","4":"has-post-thumbnail","6":"product_cat-productos-del-mar","8":"first","9":"instock","10":"shipping-taxable","11":"product-type-simple"},"_links":{"self":[{"href":"https:\/\/vacges.cl\/en\/wp-json\/wp\/v2\/product\/736","targetHints":{"allow":["GET"]}}],"collection":[{"href":"https:\/\/vacges.cl\/en\/wp-json\/wp\/v2\/product"}],"about":[{"href":"https:\/\/vacges.cl\/en\/wp-json\/wp\/v2\/types\/product"}],"replies":[{"embeddable":true,"href":"https:\/\/vacges.cl\/en\/wp-json\/wp\/v2\/comments?post=736"}],"wp:featuredmedia":[{"embeddable":true,"href":"https:\/\/vacges.cl\/en\/wp-json\/wp\/v2\/media\/928"}],"wp:attachment":[{"href":"https:\/\/vacges.cl\/en\/wp-json\/wp\/v2\/media?parent=736"}],"wp:term":[{"taxonomy":"product_brand","embeddable":true,"href":"https:\/\/vacges.cl\/en\/wp-json\/wp\/v2\/product_brand?post=736"},{"taxonomy":"product_cat","embeddable":true,"href":"https:\/\/vacges.cl\/en\/wp-json\/wp\/v2\/product_cat?post=736"},{"taxonomy":"product_tag","embeddable":true,"href":"https:\/\/vacges.cl\/en\/wp-json\/wp\/v2\/product_tag?post=736"}],"curies":[{"name":"wp","href":"https:\/\/api.w.org\/{rel}","templated":true}]}}