{"id":735,"date":"2025-03-26T19:39:59","date_gmt":"2025-03-26T19:39:59","guid":{"rendered":"https:\/\/vacges.cl\/?post_type=product&#038;p=735"},"modified":"2025-04-07T20:20:33","modified_gmt":"2025-04-07T20:20:33","slug":"mejillon-chileno-entero-cocido-congelado","status":"publish","type":"product","link":"https:\/\/vacges.cl\/en\/product\/mejillon-chileno-entero-cocido-congelado\/","title":{"rendered":"Chilean Mussel, Whole"},"content":{"rendered":"<p><strong>Common Name<\/strong>: Mussel<\/p>\n<p><strong>Scientific Name<\/strong>: Mytilus Chilensis<\/p>\n<p><strong>Presentation: <\/strong>Whole<span style=\"font-weight: 400;\">, <\/span><strong><span style=\"font-weight: 400;\">cooked in its own juice, IVP, frozen<\/span><\/strong><\/p>\n<p><strong>Calibers:<\/strong> 40-60\/ 61-80 units per kg<\/p>\n<p><strong>Packing:<\/strong> 1 kg IVP vacuum bag, 10 kg master carton box<\/p>\n<p><strong>Capture zone<\/strong>: Chilo\u00e9 Island and surrounding areas<\/p>\n<p><strong>Dispatch<\/strong>: Maritime FCL 40 HC<\/p>\n<p><strong>Extraction Season<\/strong>: Round year<\/p>","protected":false},"excerpt":{"rendered":"<p>Nombre Com\u00fan: Mejill\u00f3n Nombre Cient\u00edfico: Mytilus Chilensis Presentaci\u00f3n: Entero, cocido en su jugo, IVP, congelado Calibres: 40-60\/ 61-80 unid por kg Empaque: Bolsa vac\u00edo IVP de 1 kg, caja master carton de 10 kg Zona de captura: Isla de Chilo\u00e9 y alrededores Despacho: Mar\u00edtimo FCL\u00a0 40HC Temporada Extracci\u00f3n: A\u00f1o redondo<\/p>","protected":false},"featured_media":1052,"comment_status":"open","ping_status":"closed","template":"","meta":{"_joinchat":[]},"product_brand":[],"product_cat":[22],"product_tag":[],"class_list":{"0":"post-735","1":"product","2":"type-product","3":"status-publish","4":"has-post-thumbnail","6":"product_cat-productos-del-mar","8":"first","9":"instock","10":"shipping-taxable","11":"product-type-simple"},"_links":{"self":[{"href":"https:\/\/vacges.cl\/en\/wp-json\/wp\/v2\/product\/735","targetHints":{"allow":["GET"]}}],"collection":[{"href":"https:\/\/vacges.cl\/en\/wp-json\/wp\/v2\/product"}],"about":[{"href":"https:\/\/vacges.cl\/en\/wp-json\/wp\/v2\/types\/product"}],"replies":[{"embeddable":true,"href":"https:\/\/vacges.cl\/en\/wp-json\/wp\/v2\/comments?post=735"}],"wp:featuredmedia":[{"embeddable":true,"href":"https:\/\/vacges.cl\/en\/wp-json\/wp\/v2\/media\/1052"}],"wp:attachment":[{"href":"https:\/\/vacges.cl\/en\/wp-json\/wp\/v2\/media?parent=735"}],"wp:term":[{"taxonomy":"product_brand","embeddable":true,"href":"https:\/\/vacges.cl\/en\/wp-json\/wp\/v2\/product_brand?post=735"},{"taxonomy":"product_cat","embeddable":true,"href":"https:\/\/vacges.cl\/en\/wp-json\/wp\/v2\/product_cat?post=735"},{"taxonomy":"product_tag","embeddable":true,"href":"https:\/\/vacges.cl\/en\/wp-json\/wp\/v2\/product_tag?post=735"}],"curies":[{"name":"wp","href":"https:\/\/api.w.org\/{rel}","templated":true}]}}