{"id":733,"date":"2025-03-26T19:38:55","date_gmt":"2025-03-26T19:38:55","guid":{"rendered":"https:\/\/vacges.cl\/?post_type=product&#038;p=733"},"modified":"2025-04-07T20:02:24","modified_gmt":"2025-04-07T20:02:24","slug":"langosta-viva","status":"publish","type":"product","link":"https:\/\/vacges.cl\/en\/product\/langosta-viva\/","title":{"rendered":"Lobster \u2013 Live"},"content":{"rendered":"<p><strong>Common Name<\/strong>: Juan Fernandez Lobster<\/p>\n<p><strong>Scientific Name<\/strong>: Jasus Frontalis<\/p>\n<p><strong>Presentation:<\/strong>: Whole, Live<\/p>\n<p><strong>Packing:<\/strong> Absorbent diaper, expanded polystyrene box from 9 to 15 kg<\/p>\n<p><strong>Capture zone<\/strong>: Juan Fern\u00e1ndez Archipelago<\/p>\n<p><strong>Dispatch<\/strong>By air, 3 shipments per week. Minimum order 1,000 kilos net.<\/p>\n<p><strong>Extraction Season<\/strong>: October to April<\/p>","protected":false},"excerpt":{"rendered":"<p>Nombre Com\u00fan: Langosta de Juan Fern\u00e1ndez Nombre Cient\u00edfico: Jasus Frontalis Presentaci\u00f3n: Entero, vivo Empaque: Pa\u00f1al absorbente, caja de poliestireno expandido de 9 a 15\u00a0 kg Zona de captura: Archipi\u00e9lago de Juan Fern\u00e1ndez Despacho: Via Aereo, 3 despachos por semana. pedido minimo 1000 kilos netos Temporada Extracci\u00f3n: Octubre a Abril<\/p>","protected":false},"featured_media":1043,"comment_status":"open","ping_status":"closed","template":"","meta":{"_joinchat":[]},"product_brand":[],"product_cat":[22],"product_tag":[],"class_list":{"0":"post-733","1":"product","2":"type-product","3":"status-publish","4":"has-post-thumbnail","6":"product_cat-productos-del-mar","8":"first","9":"instock","10":"shipping-taxable","11":"product-type-simple"},"_links":{"self":[{"href":"https:\/\/vacges.cl\/en\/wp-json\/wp\/v2\/product\/733","targetHints":{"allow":["GET"]}}],"collection":[{"href":"https:\/\/vacges.cl\/en\/wp-json\/wp\/v2\/product"}],"about":[{"href":"https:\/\/vacges.cl\/en\/wp-json\/wp\/v2\/types\/product"}],"replies":[{"embeddable":true,"href":"https:\/\/vacges.cl\/en\/wp-json\/wp\/v2\/comments?post=733"}],"wp:featuredmedia":[{"embeddable":true,"href":"https:\/\/vacges.cl\/en\/wp-json\/wp\/v2\/media\/1043"}],"wp:attachment":[{"href":"https:\/\/vacges.cl\/en\/wp-json\/wp\/v2\/media?parent=733"}],"wp:term":[{"taxonomy":"product_brand","embeddable":true,"href":"https:\/\/vacges.cl\/en\/wp-json\/wp\/v2\/product_brand?post=733"},{"taxonomy":"product_cat","embeddable":true,"href":"https:\/\/vacges.cl\/en\/wp-json\/wp\/v2\/product_cat?post=733"},{"taxonomy":"product_tag","embeddable":true,"href":"https:\/\/vacges.cl\/en\/wp-json\/wp\/v2\/product_tag?post=733"}],"curies":[{"name":"wp","href":"https:\/\/api.w.org\/{rel}","templated":true}]}}