{"id":732,"date":"2025-03-26T19:38:30","date_gmt":"2025-03-26T19:38:30","guid":{"rendered":"https:\/\/vacges.cl\/?post_type=product&#038;p=732"},"modified":"2025-04-07T19:30:41","modified_gmt":"2025-04-07T19:30:41","slug":"jaiba-pinza-3-segmentos","status":"publish","type":"product","link":"https:\/\/vacges.cl\/en\/product\/jaiba-pinza-3-segmentos\/","title":{"rendered":"Stone Crab \u2013 3 Segments"},"content":{"rendered":"<p><strong>Common Name<\/strong>: Marmola Stone Crab<\/p>\n<p><strong>Scientific Name<\/strong>: Metacarcinus edwarsii<\/p>\n<p><strong>Presentation: <\/strong>P<strong><span style=\"font-weight: 400;\">3-segment claw, cooked, frozen IQF<\/span><\/strong><\/p>\n<p><strong>Calibers:<\/strong> 2-4, 4-6, 6-8 units per lb<\/p>\n<p><strong>Packing:<\/strong> 5 lb bag, 20 lb box<\/p>\n<p><strong>Capture zone<\/strong>: Chilo\u00e9 Island and surrounding areas<\/p>\n<p><strong>Dispatch<\/strong>: Maritime FCL 40 HC<\/p>\n<p><strong>Extraction Season<\/strong>: Round year<\/p>","protected":false},"excerpt":{"rendered":"<p>Nombre Com\u00fan: Jaiba Marmola Nombre Cient\u00edfico: Metacarcinus edwarsii Presentaci\u00f3n: Pinza 3 segmentos, cocido, congelado IQF Calibres: 2-4, 4-6, 6-8 unid por libra Empaque: Bolsa de 5 libras, caja de 20 libras Zona de captura: Isla de Chilo\u00e9 y alrededores Despacho: Mar\u00edtimo FCL\u00a0 40HC Temporada Extracci\u00f3n: A\u00f1o redondo<\/p>","protected":false},"featured_media":1038,"comment_status":"open","ping_status":"closed","template":"","meta":{"_joinchat":[]},"product_brand":[],"product_cat":[22],"product_tag":[],"class_list":{"0":"post-732","1":"product","2":"type-product","3":"status-publish","4":"has-post-thumbnail","6":"product_cat-productos-del-mar","8":"first","9":"instock","10":"shipping-taxable","11":"product-type-simple"},"_links":{"self":[{"href":"https:\/\/vacges.cl\/en\/wp-json\/wp\/v2\/product\/732","targetHints":{"allow":["GET"]}}],"collection":[{"href":"https:\/\/vacges.cl\/en\/wp-json\/wp\/v2\/product"}],"about":[{"href":"https:\/\/vacges.cl\/en\/wp-json\/wp\/v2\/types\/product"}],"replies":[{"embeddable":true,"href":"https:\/\/vacges.cl\/en\/wp-json\/wp\/v2\/comments?post=732"}],"wp:featuredmedia":[{"embeddable":true,"href":"https:\/\/vacges.cl\/en\/wp-json\/wp\/v2\/media\/1038"}],"wp:attachment":[{"href":"https:\/\/vacges.cl\/en\/wp-json\/wp\/v2\/media?parent=732"}],"wp:term":[{"taxonomy":"product_brand","embeddable":true,"href":"https:\/\/vacges.cl\/en\/wp-json\/wp\/v2\/product_brand?post=732"},{"taxonomy":"product_cat","embeddable":true,"href":"https:\/\/vacges.cl\/en\/wp-json\/wp\/v2\/product_cat?post=732"},{"taxonomy":"product_tag","embeddable":true,"href":"https:\/\/vacges.cl\/en\/wp-json\/wp\/v2\/product_tag?post=732"}],"curies":[{"name":"wp","href":"https:\/\/api.w.org\/{rel}","templated":true}]}}