{"id":726,"date":"2025-03-26T19:35:19","date_gmt":"2025-03-26T19:35:19","guid":{"rendered":"https:\/\/vacges.cl\/?post_type=product&#038;p=726"},"modified":"2025-04-07T17:51:49","modified_gmt":"2025-04-07T17:51:49","slug":"erizo-entero-vivo","status":"publish","type":"product","link":"https:\/\/vacges.cl\/en\/product\/erizo-entero-vivo\/","title":{"rendered":"Sea Urchin \u2013 Whole Live"},"content":{"rendered":"<p><strong>Common Name<\/strong>: Chilean Sea Urchin<\/p>\n<p><strong>Scientific Name<\/strong>: Loxechinus Albus<\/p>\n<p><strong>Presentation: <\/strong>Whole, Live<\/p>\n<p><strong>Calibers:<\/strong> 7.5 cm up circumference<\/p>\n<p><strong>Packing:<\/strong> Absorbent diaper, 7 to 10 kilo expanded polystyrene box<\/p>\n<p><strong>Capture zone<\/strong>: Chacao Channel (Chilo\u00e9 Island) to Kent Island<\/p>\n<p><strong>Dispatch<\/strong>: Via Air, 3 shipments per week, minimum order 500 kg net<\/p>\n<p><strong>Extraction Season<\/strong>: March to October<\/p>","protected":false},"excerpt":{"rendered":"<p>Nombre Com\u00fan: Erizo de Mar Chileno Nombre Cient\u00edfico: Loxechinus Albus Presentaci\u00f3n: Entero Vivo Calibres: 7,5 cm up de circunferencia Empaque: Pa\u00f1al absorbente, caja de poliestireno expandido de 7 a 10 kilos Zona de captura: Canal de Chacao (Isla de Chilo\u00e9) a Isla Kent Despacho: Via Aerea, 3 env\u00edos por semana, pedido m\u00ednimo 500 kilos netos [&hellip;]<\/p>","protected":false},"featured_media":1019,"comment_status":"open","ping_status":"closed","template":"","meta":{"_joinchat":[]},"product_brand":[],"product_cat":[22],"product_tag":[],"class_list":{"0":"post-726","1":"product","2":"type-product","3":"status-publish","4":"has-post-thumbnail","6":"product_cat-productos-del-mar","8":"first","9":"instock","10":"shipping-taxable","11":"product-type-simple"},"_links":{"self":[{"href":"https:\/\/vacges.cl\/en\/wp-json\/wp\/v2\/product\/726","targetHints":{"allow":["GET"]}}],"collection":[{"href":"https:\/\/vacges.cl\/en\/wp-json\/wp\/v2\/product"}],"about":[{"href":"https:\/\/vacges.cl\/en\/wp-json\/wp\/v2\/types\/product"}],"replies":[{"embeddable":true,"href":"https:\/\/vacges.cl\/en\/wp-json\/wp\/v2\/comments?post=726"}],"wp:featuredmedia":[{"embeddable":true,"href":"https:\/\/vacges.cl\/en\/wp-json\/wp\/v2\/media\/1019"}],"wp:attachment":[{"href":"https:\/\/vacges.cl\/en\/wp-json\/wp\/v2\/media?parent=726"}],"wp:term":[{"taxonomy":"product_brand","embeddable":true,"href":"https:\/\/vacges.cl\/en\/wp-json\/wp\/v2\/product_brand?post=726"},{"taxonomy":"product_cat","embeddable":true,"href":"https:\/\/vacges.cl\/en\/wp-json\/wp\/v2\/product_cat?post=726"},{"taxonomy":"product_tag","embeddable":true,"href":"https:\/\/vacges.cl\/en\/wp-json\/wp\/v2\/product_tag?post=726"}],"curies":[{"name":"wp","href":"https:\/\/api.w.org\/{rel}","templated":true}]}}