{"id":724,"date":"2025-03-26T19:34:01","date_gmt":"2025-03-26T19:34:01","guid":{"rendered":"https:\/\/vacges.cl\/?post_type=product&#038;p=724"},"modified":"2025-04-07T16:35:16","modified_gmt":"2025-04-07T16:35:16","slug":"centolla-entera-viva","status":"publish","type":"product","link":"https:\/\/vacges.cl\/en\/product\/centolla-entera-viva\/","title":{"rendered":"Chilean King Crab \u2013 Whole Live"},"content":{"rendered":"<p><strong>Common Name<\/strong>: Chilean King Crab<\/p>\n<p><strong>Scientific Name<\/strong>: Lithodes Santolla<\/p>\n<p><strong>Presentation:<\/strong>: Whole, Live<\/p>\n<p><strong>Packing:<\/strong> Absorbent diaper, 10 to 12 kg expanded polystyrene box<\/p>\n<p><strong>Capture zone<\/strong>: Chacao Channel (Chilo\u00e9 Island) to Cape Horn<\/p>\n<p><strong>Dispatch<\/strong>By air, 3 shipments per week. Minimum order 500 kilos net.<\/p>\n<p><strong>Extraction Season<\/strong>: June to November<\/p>","protected":false},"excerpt":{"rendered":"<p>Nombre Com\u00fan: Centolla Chilena Nombre Cient\u00edfico: Lithodes Santolla Presentaci\u00f3n: Entero, vivo Empaque: Pa\u00f1al absorbente, caja de poliestireno expandido de 10 a 12\u00a0 kg Zona de captura: Canal de Chacao (Isla de Chilo\u00e9) al Cabo de Hornos Despacho: Via Aereo, 3 despachos por semana. pedido minimo 500 kilos netos Temporada Extracci\u00f3n: Junio a Noviembre<\/p>","protected":false},"featured_media":949,"comment_status":"open","ping_status":"closed","template":"","meta":{"_joinchat":[]},"product_brand":[],"product_cat":[22],"product_tag":[],"class_list":{"0":"post-724","1":"product","2":"type-product","3":"status-publish","4":"has-post-thumbnail","6":"product_cat-productos-del-mar","8":"first","9":"instock","10":"shipping-taxable","11":"product-type-simple"},"_links":{"self":[{"href":"https:\/\/vacges.cl\/en\/wp-json\/wp\/v2\/product\/724","targetHints":{"allow":["GET"]}}],"collection":[{"href":"https:\/\/vacges.cl\/en\/wp-json\/wp\/v2\/product"}],"about":[{"href":"https:\/\/vacges.cl\/en\/wp-json\/wp\/v2\/types\/product"}],"replies":[{"embeddable":true,"href":"https:\/\/vacges.cl\/en\/wp-json\/wp\/v2\/comments?post=724"}],"wp:featuredmedia":[{"embeddable":true,"href":"https:\/\/vacges.cl\/en\/wp-json\/wp\/v2\/media\/949"}],"wp:attachment":[{"href":"https:\/\/vacges.cl\/en\/wp-json\/wp\/v2\/media?parent=724"}],"wp:term":[{"taxonomy":"product_brand","embeddable":true,"href":"https:\/\/vacges.cl\/en\/wp-json\/wp\/v2\/product_brand?post=724"},{"taxonomy":"product_cat","embeddable":true,"href":"https:\/\/vacges.cl\/en\/wp-json\/wp\/v2\/product_cat?post=724"},{"taxonomy":"product_tag","embeddable":true,"href":"https:\/\/vacges.cl\/en\/wp-json\/wp\/v2\/product_tag?post=724"}],"curies":[{"name":"wp","href":"https:\/\/api.w.org\/{rel}","templated":true}]}}