{"id":723,"date":"2025-03-26T19:33:43","date_gmt":"2025-03-26T19:33:43","guid":{"rendered":"https:\/\/vacges.cl\/?post_type=product&#038;p=723"},"modified":"2025-04-07T18:21:37","modified_gmt":"2025-04-07T18:21:37","slug":"erizo-fresco-agua","status":"publish","type":"product","link":"https:\/\/vacges.cl\/en\/product\/erizo-fresco-agua\/","title":{"rendered":"Sea Urchin \u2013 Fresh in Water"},"content":{"rendered":"<p><strong>Common Name<\/strong>: Chilean Sea Urchin<\/p>\n<p><strong>Scientific Name<\/strong>: Loxechinus Albus<\/p>\n<p><strong>Presentation: <\/strong>Sea urchin gonads, fresh in water<\/p>\n<p><strong>Quality: <\/strong>MIX (A,B,C)<\/p>\n<p><strong>Packing:<\/strong> Transparent polypropylene cylindrical container, 500g of product plus topping liquid (water and salt). Expanded polystyrene box, inner lining, absorbent diaper.<\/p>\n<p><strong>Capture zone<\/strong>: Chacao Channel (Chilo\u00e9 Island) to Kent Island<\/p>\n<p><strong>Dispatch<\/strong>: Via Air, 3 shipments per week, minimum order 500 kg net<\/p>\n<p><strong>Extraction Season<\/strong>: March to October<\/p>","protected":false},"excerpt":{"rendered":"<p>Nombre Com\u00fan: Erizo de Mar Chileno Nombre Cient\u00edfico: Loxechinus Albus Presentaci\u00f3n: G\u00f3nadas de erizo, fresco en agua Calidad: MIX (A,B,C) Empaque: Envase cil\u00edndrico de polipropileno transparente, 500 gr de producto mas liquido de cobertura (agua y sal). Caja de poliestireno expandido, funda de interior, pa\u00f1al absorbente Zona de captura: Canal de Chacao (Isla de Chilo\u00e9) [&hellip;]<\/p>","protected":false},"featured_media":1029,"comment_status":"open","ping_status":"closed","template":"","meta":{"_joinchat":[]},"product_brand":[],"product_cat":[22],"product_tag":[],"class_list":{"0":"post-723","1":"product","2":"type-product","3":"status-publish","4":"has-post-thumbnail","6":"product_cat-productos-del-mar","8":"first","9":"instock","10":"shipping-taxable","11":"product-type-simple"},"_links":{"self":[{"href":"https:\/\/vacges.cl\/en\/wp-json\/wp\/v2\/product\/723","targetHints":{"allow":["GET"]}}],"collection":[{"href":"https:\/\/vacges.cl\/en\/wp-json\/wp\/v2\/product"}],"about":[{"href":"https:\/\/vacges.cl\/en\/wp-json\/wp\/v2\/types\/product"}],"replies":[{"embeddable":true,"href":"https:\/\/vacges.cl\/en\/wp-json\/wp\/v2\/comments?post=723"}],"wp:featuredmedia":[{"embeddable":true,"href":"https:\/\/vacges.cl\/en\/wp-json\/wp\/v2\/media\/1029"}],"wp:attachment":[{"href":"https:\/\/vacges.cl\/en\/wp-json\/wp\/v2\/media?parent=723"}],"wp:term":[{"taxonomy":"product_brand","embeddable":true,"href":"https:\/\/vacges.cl\/en\/wp-json\/wp\/v2\/product_brand?post=723"},{"taxonomy":"product_cat","embeddable":true,"href":"https:\/\/vacges.cl\/en\/wp-json\/wp\/v2\/product_cat?post=723"},{"taxonomy":"product_tag","embeddable":true,"href":"https:\/\/vacges.cl\/en\/wp-json\/wp\/v2\/product_tag?post=723"}],"curies":[{"name":"wp","href":"https:\/\/api.w.org\/{rel}","templated":true}]}}