{"id":722,"date":"2025-03-26T19:33:23","date_gmt":"2025-03-26T19:33:23","guid":{"rendered":"https:\/\/vacges.cl\/?post_type=product&#038;p=722"},"modified":"2025-04-07T19:47:37","modified_gmt":"2025-04-07T19:47:37","slug":"jaiba-entera-cocida","status":"publish","type":"product","link":"https:\/\/vacges.cl\/en\/product\/jaiba-entera-cocida\/","title":{"rendered":"Stone Crab \u2013 Whole"},"content":{"rendered":"<p><strong>Common Name<\/strong>: Marmola Stone Crab<\/p>\n<p><strong>Scientific Name<\/strong>: Metacarcinus edwarsii<\/p>\n<p><strong>Presentation: <\/strong>Whole<strong><span style=\"font-weight: 400;\">, tied, cooked, frozen IQF<\/span><\/strong><\/p>\n<p><strong>Calibers:<\/strong> 400-600\/ 601-800\/ 801-1000\/ 1001-1200\/ 1201-1400\/ 1401-1600 gr up<\/p>\n<p><strong>Packing:<\/strong> Bubble bag per unit, master box 9 to 15 kg<\/p>\n<p><strong>Capture zone<\/strong>: Chilo\u00e9 Island and surrounding areas<\/p>\n<p><strong>Dispatch<\/strong>: Maritime FCL 40 HC<\/p>\n<p><strong>Extraction Season<\/strong>: Round year<\/p>","protected":false},"excerpt":{"rendered":"<p>Nombre Com\u00fan: Jaiba Marmola Nombre Cient\u00edfico: Metacarcinus edwarsii Presentaci\u00f3n: Entero, amarrado, cocido, congelado IQF Calibres: 400-600\/ 601-800\/ 801-1000\/ 1001-1200\/ 1201-1400\/ 1401-1600 gr up Empaque: Bolsa burbuja x unid, caja master 9 a 15 kg Zona de captura: Isla de Chilo\u00e9 y alrededores Despacho: Mar\u00edtimo FCL\u00a0 40HC Temporada Extracci\u00f3n: A\u00f1o redondo<\/p>","protected":false},"featured_media":1033,"comment_status":"open","ping_status":"closed","template":"","meta":{"_joinchat":[]},"product_brand":[],"product_cat":[22],"product_tag":[],"class_list":{"0":"post-722","1":"product","2":"type-product","3":"status-publish","4":"has-post-thumbnail","6":"product_cat-productos-del-mar","8":"first","9":"instock","10":"shipping-taxable","11":"product-type-simple"},"_links":{"self":[{"href":"https:\/\/vacges.cl\/en\/wp-json\/wp\/v2\/product\/722","targetHints":{"allow":["GET"]}}],"collection":[{"href":"https:\/\/vacges.cl\/en\/wp-json\/wp\/v2\/product"}],"about":[{"href":"https:\/\/vacges.cl\/en\/wp-json\/wp\/v2\/types\/product"}],"replies":[{"embeddable":true,"href":"https:\/\/vacges.cl\/en\/wp-json\/wp\/v2\/comments?post=722"}],"wp:featuredmedia":[{"embeddable":true,"href":"https:\/\/vacges.cl\/en\/wp-json\/wp\/v2\/media\/1033"}],"wp:attachment":[{"href":"https:\/\/vacges.cl\/en\/wp-json\/wp\/v2\/media?parent=722"}],"wp:term":[{"taxonomy":"product_brand","embeddable":true,"href":"https:\/\/vacges.cl\/en\/wp-json\/wp\/v2\/product_brand?post=722"},{"taxonomy":"product_cat","embeddable":true,"href":"https:\/\/vacges.cl\/en\/wp-json\/wp\/v2\/product_cat?post=722"},{"taxonomy":"product_tag","embeddable":true,"href":"https:\/\/vacges.cl\/en\/wp-json\/wp\/v2\/product_tag?post=722"}],"curies":[{"name":"wp","href":"https:\/\/api.w.org\/{rel}","templated":true}]}}