{"id":721,"date":"2025-03-26T19:32:42","date_gmt":"2025-03-26T19:32:42","guid":{"rendered":"https:\/\/vacges.cl\/?post_type=product&#038;p=721"},"modified":"2025-04-18T14:20:13","modified_gmt":"2025-04-18T14:20:13","slug":"erizo-moldeado-congelado","status":"publish","type":"product","link":"https:\/\/vacges.cl\/en\/product\/erizo-moldeado-congelado\/","title":{"rendered":"Sea Urchin \u2013 Frozen Molded"},"content":{"rendered":"<p><strong>Common Name<\/strong>: Chilean Sea Urchin<\/p>\n<p><strong>Scientific Name<\/strong>: Loxechinus Albus<\/p>\n<p><strong>Presentation: A) <\/strong>Sea urchin gonads, raw, molded, frozen;\u00a0 <strong>B) <\/strong>Sea urchin gonads, blanched, molded, frozen<\/p>\n<p><strong>Quality: <\/strong>A1, A2, B1, B2, C1, C2, R500<\/p>\n<p><strong>Packing: <\/strong>M<strong><span style=\"font-weight: 400;\">Mold j100, master carton box of 3 kg net<\/span><\/strong><\/p>\n<p><strong>Capture zone<\/strong>: Chacao Channel (Chilo\u00e9 Island) to Kent Island<\/p>\n<p><strong>Dispatch<\/strong>: Maritime FCL\/40HC, minimum order 10 Ton<\/p>\n<p><strong>Extraction Season<\/strong>: March to October<\/p>","protected":false},"excerpt":{"rendered":"<p>Nombre Com\u00fan: Erizo de Mar Chileno Nombre Cient\u00edfico: Loxechinus Albus Presentaci\u00f3n: A) G\u00f3nadas, crudo, moldeado, congelado;\u00a0 B) G\u00f3nadas, escaldado, moldeado, congelado Calidad: A1, A2, B1, B2, C1, C2, R500 Empaque: Molde j100, caja master carton de 3 kg netos Zona de captura: Canal de Chacao (Isla de Chilo\u00e9) a Isla Kent Despacho: Maritimo FCL\/40HC, pedido [&hellip;]<\/p>","protected":false},"featured_media":1024,"comment_status":"open","ping_status":"closed","template":"","meta":{"_joinchat":[]},"product_brand":[],"product_cat":[22],"product_tag":[],"class_list":{"0":"post-721","1":"product","2":"type-product","3":"status-publish","4":"has-post-thumbnail","6":"product_cat-productos-del-mar","8":"first","9":"instock","10":"shipping-taxable","11":"product-type-simple"},"_links":{"self":[{"href":"https:\/\/vacges.cl\/en\/wp-json\/wp\/v2\/product\/721","targetHints":{"allow":["GET"]}}],"collection":[{"href":"https:\/\/vacges.cl\/en\/wp-json\/wp\/v2\/product"}],"about":[{"href":"https:\/\/vacges.cl\/en\/wp-json\/wp\/v2\/types\/product"}],"replies":[{"embeddable":true,"href":"https:\/\/vacges.cl\/en\/wp-json\/wp\/v2\/comments?post=721"}],"wp:featuredmedia":[{"embeddable":true,"href":"https:\/\/vacges.cl\/en\/wp-json\/wp\/v2\/media\/1024"}],"wp:attachment":[{"href":"https:\/\/vacges.cl\/en\/wp-json\/wp\/v2\/media?parent=721"}],"wp:term":[{"taxonomy":"product_brand","embeddable":true,"href":"https:\/\/vacges.cl\/en\/wp-json\/wp\/v2\/product_brand?post=721"},{"taxonomy":"product_cat","embeddable":true,"href":"https:\/\/vacges.cl\/en\/wp-json\/wp\/v2\/product_cat?post=721"},{"taxonomy":"product_tag","embeddable":true,"href":"https:\/\/vacges.cl\/en\/wp-json\/wp\/v2\/product_tag?post=721"}],"curies":[{"name":"wp","href":"https:\/\/api.w.org\/{rel}","templated":true}]}}